{"id":13,"date":"2015-06-14T10:20:04","date_gmt":"2015-06-14T10:20:04","guid":{"rendered":"http:\/\/goldenworks.eu\/demos\/rp_wordpress\/?page_id=13"},"modified":"2018-02-09T01:33:37","modified_gmt":"2018-02-09T01:33:37","slug":"contato","status":"publish","type":"page","link":"https:\/\/www.sanchestonini.com.br\/website\/contato\/","title":{"rendered":"Contato"},"content":{"rendered":"<div class=\"row\">\n<div class=\"col-md-6\">\n<hr class=\"gw-spacing clearboth \" style=\"height: 96px\" \/>\n<h4>Entre em contato<\/h4>\n<hr class=\"gw-spacing clearboth \" style=\"height: 25px\" \/>\n<p>Para entrar em contato com o Sanches Tonini Advogados, mandar seus coment\u00e1rios, sugest\u00f5es ou cr\u00edticas, preencha o formul\u00e1rio abaixo.<\/p>\n<hr class=\"gw-spacing clearboth \" style=\"height: 39px\" \/>\n\n<div class=\"wpcf7 no-js\" id=\"wpcf7-f10-o1\" lang=\"pt-BR\" dir=\"ltr\">\n<div class=\"screen-reader-response\"><p role=\"status\" aria-live=\"polite\" aria-atomic=\"true\"><\/p> <ul><\/ul><\/div>\n<form action=\"\/website\/wp-json\/wp\/v2\/pages\/13#wpcf7-f10-o1\" method=\"post\" class=\"wpcf7-form init\" aria-label=\"Formul\u00e1rios de contato\" novalidate=\"novalidate\" data-status=\"init\">\n<div style=\"display: none;\">\n<input type=\"hidden\" name=\"_wpcf7\" value=\"10\" \/>\n<input type=\"hidden\" name=\"_wpcf7_version\" value=\"5.9.6\" \/>\n<input type=\"hidden\" name=\"_wpcf7_locale\" value=\"pt_BR\" \/>\n<input type=\"hidden\" name=\"_wpcf7_unit_tag\" value=\"wpcf7-f10-o1\" \/>\n<input type=\"hidden\" name=\"_wpcf7_container_post\" value=\"0\" \/>\n<input type=\"hidden\" name=\"_wpcf7_posted_data_hash\" value=\"\" \/>\n<\/div>\n<p>Seu nome (obrigat\u00f3rio)\n<\/p>\n<p><span class=\"wpcf7-form-control-wrap\" data-name=\"your-name\"><input size=\"40\" maxlength=\"80\" class=\"wpcf7-form-control wpcf7-text wpcf7-validates-as-required\" aria-required=\"true\" aria-invalid=\"false\" value=\"\" type=\"text\" name=\"your-name\" \/><\/span>\n<\/p>\n<p>Seu e-mail (obrigat\u00f3rio)\n<\/p>\n<p><span class=\"wpcf7-form-control-wrap\" data-name=\"your-email\"><input size=\"40\" maxlength=\"80\" class=\"wpcf7-form-control wpcf7-email wpcf7-validates-as-required wpcf7-text wpcf7-validates-as-email\" aria-required=\"true\" aria-invalid=\"false\" value=\"\" type=\"email\" name=\"your-email\" \/><\/span>\n<\/p>\n<p>Assunto\n<\/p>\n<p><span class=\"wpcf7-form-control-wrap\" data-name=\"your-subject\"><input size=\"40\" maxlength=\"80\" class=\"wpcf7-form-control wpcf7-text\" aria-invalid=\"false\" value=\"\" type=\"text\" name=\"your-subject\" \/><\/span>\n<\/p>\n<p>Sua mensagem\n<\/p>\n<p><span class=\"wpcf7-form-control-wrap\" data-name=\"your-message\"><textarea cols=\"40\" rows=\"10\" maxlength=\"400\" class=\"wpcf7-form-control wpcf7-textarea\" aria-invalid=\"false\" name=\"your-message\"><\/textarea><\/span>\n<\/p>\n<p><input class=\"wpcf7-form-control wpcf7-submit has-spinner\" type=\"submit\" value=\"Enviar\" \/>\n<\/p><div class=\"wpcf7-response-output\" aria-hidden=\"true\"><\/div>\n<\/form>\n<\/div>\n\n<div class=\"clearboth\"><\/div>\n<\/div>\n<div class=\"col-md-6\">\n<hr class=\"gw-spacing clearboth \" style=\"height: 96px\" \/>\n<h4>Nos encontre atrav\u00e9s do mapa<\/h4>\n<hr class=\"gw-spacing clearboth \" style=\"height: 45px\" \/>\n<div id=\"contact-map\" class=\"gw-google-map\" data-enable-animation=\"1\" data-enable-zoom=\"1\" \n\t\tdata-zoom-level=\"16\" data-center-lat=\"-23.0837882\" data-center-lng=\"-48.9234848\" \n\t\tdata-marker-img=\"http:\/\/www.sanchestonini.com.br\/website\/wp-content\/uploads\/2015\/11\/icon_60_60.png\" ><div id=\"map-canvas\"><\/div><\/div>\n<hr class=\"gw-spacing clearboth \" style=\"height: 50px\" \/>\n<div class=\"address-block\">\n<h6>Endere\u00e7o<\/h6>\n<p>Av. Prof. Celso Ferreira da Silva, 721<br \/>\nJardim Europa I &#8211; Avar\u00e9-SP<br \/>\nCEP 18707-150<\/p>\n<\/div>\n<hr class=\"gw-spacing clearboth \" style=\"height: 22px\" \/>\n<div class=\"address-block\">\n<h6>Telefones<\/h6>\n<p>(14) 3732-8277<br \/>\n(14) 3733-5170<br \/>\n(14)\u00a099789-5671<\/p>\n<\/div>\n<hr class=\"gw-spacing clearboth \" style=\"height: 22px\" \/>\n<div class=\"address-block\">\n<h6>Email<\/h6>\n<p><a href=\"mailto:contato@sanchestonini.com.br\">contato@sanchestonini.com.br<\/a><\/p>\n<\/div>\n<\/div>\n<\/div>\n<hr class=\"gw-spacing clearboth \" style=\"height: 96px\" \/>\n","protected":false},"excerpt":{"rendered":"","protected":false},"author":1,"featured_media":0,"parent":0,"menu_order":2,"comment_status":"closed","ping_status":"closed","template":"template-contact.php","meta":{"footnotes":"","_joinchat":[]},"_links":{"self":[{"href":"https:\/\/www.sanchestonini.com.br\/website\/wp-json\/wp\/v2\/pages\/13"}],"collection":[{"href":"https:\/\/www.sanchestonini.com.br\/website\/wp-json\/wp\/v2\/pages"}],"about":[{"href":"https:\/\/www.sanchestonini.com.br\/website\/wp-json\/wp\/v2\/types\/page"}],"author":[{"embeddable":true,"href":"https:\/\/www.sanchestonini.com.br\/website\/wp-json\/wp\/v2\/users\/1"}],"replies":[{"embeddable":true,"href":"https:\/\/www.sanchestonini.com.br\/website\/wp-json\/wp\/v2\/comments?post=13"}],"version-history":[{"count":19,"href":"https:\/\/www.sanchestonini.com.br\/website\/wp-json\/wp\/v2\/pages\/13\/revisions"}],"predecessor-version":[{"id":891,"href":"https:\/\/www.sanchestonini.com.br\/website\/wp-json\/wp\/v2\/pages\/13\/revisions\/891"}],"wp:attachment":[{"href":"https:\/\/www.sanchestonini.com.br\/website\/wp-json\/wp\/v2\/media?parent=13"}],"curies":[{"name":"wp","href":"https:\/\/api.w.org\/{rel}","templated":true}]}}