{"id":48,"date":"2015-06-14T10:51:07","date_gmt":"2015-06-14T10:51:07","guid":{"rendered":"http:\/\/goldenworks.eu\/demos\/rp_wordpress\/?page_id=48"},"modified":"2018-03-23T19:53:47","modified_gmt":"2018-03-23T19:53:47","slug":"areas-de-atuacao","status":"publish","type":"page","link":"https:\/\/www.sanchestonini.com.br\/website\/areas-de-atuacao\/","title":{"rendered":"\u00c1reas de Atua\u00e7\u00e3o"},"content":{"rendered":"<p>\u00c1REAS DE ATUA\u00c7\u00c3O<\/p>\n<p>Sanches Tonini Advogados &#8211; Conhe\u00e7a nossas principais \u00e1reas de atua\u00e7\u00e3o. Nossos profissionais est\u00e3o preparados para atuar nas principais \u00e1reas do Direito.<\/p>\n<p>Buscamos privilegiar o aspecto principal na atividade de assessoria\u00a0jur\u00eddica empresarial: o neg\u00f3cio, motivador econ\u00f4mico do cliente. O mercado \u00e9\u00a0din\u00e2mico e temos como meta viabilizar os projetos,\u00a0proporcionando seguran\u00e7a\u00a0jur\u00eddica sem prejudicar a fluidez do processo.<\/p>\n","protected":false},"excerpt":{"rendered":"<p>\u00c1REAS DE ATUA\u00c7\u00c3O Sanches Tonini Advogados &#8211; Conhe\u00e7a nossas principais \u00e1reas de atua\u00e7\u00e3o. Nossos profissionais est\u00e3o preparados para atuar nas principais \u00e1reas do Direito. Buscamos privilegiar o aspecto principal na atividade de assessoria\u00a0jur\u00eddica empresarial: o neg\u00f3cio, motivador econ\u00f4mico do cliente. O mercado \u00e9\u00a0din\u00e2mico e temos como meta viabilizar os projetos,\u00a0proporcionando seguran\u00e7a\u00a0jur\u00eddica sem prejudicar a fluidez [&hellip;]<\/p>\n","protected":false},"author":1,"featured_media":0,"parent":0,"menu_order":1,"comment_status":"closed","ping_status":"closed","template":"template-portfolio_4col.php","meta":{"footnotes":"","_joinchat":[]},"_links":{"self":[{"href":"https:\/\/www.sanchestonini.com.br\/website\/wp-json\/wp\/v2\/pages\/48"}],"collection":[{"href":"https:\/\/www.sanchestonini.com.br\/website\/wp-json\/wp\/v2\/pages"}],"about":[{"href":"https:\/\/www.sanchestonini.com.br\/website\/wp-json\/wp\/v2\/types\/page"}],"author":[{"embeddable":true,"href":"https:\/\/www.sanchestonini.com.br\/website\/wp-json\/wp\/v2\/users\/1"}],"replies":[{"embeddable":true,"href":"https:\/\/www.sanchestonini.com.br\/website\/wp-json\/wp\/v2\/comments?post=48"}],"version-history":[{"count":4,"href":"https:\/\/www.sanchestonini.com.br\/website\/wp-json\/wp\/v2\/pages\/48\/revisions"}],"predecessor-version":[{"id":1231,"href":"https:\/\/www.sanchestonini.com.br\/website\/wp-json\/wp\/v2\/pages\/48\/revisions\/1231"}],"wp:attachment":[{"href":"https:\/\/www.sanchestonini.com.br\/website\/wp-json\/wp\/v2\/media?parent=48"}],"curies":[{"name":"wp","href":"https:\/\/api.w.org\/{rel}","templated":true}]}}