{"id":5,"date":"2015-06-14T09:25:09","date_gmt":"2015-06-14T09:25:09","guid":{"rendered":"http:\/\/goldenworks.eu\/demos\/rp_wordpress\/?page_id=5"},"modified":"2018-03-09T21:04:42","modified_gmt":"2018-03-09T21:04:42","slug":"advogados-quem-somos","status":"publish","type":"page","link":"https:\/\/www.sanchestonini.com.br\/website\/advogados-quem-somos\/","title":{"rendered":"Quem somos"},"content":{"rendered":"<hr class=\"gw-spacing clearboth \" style=\"height: 52px\" \/>\n<h2><\/h2>\n<hr class=\"gw-spacing clearboth \" style=\"height: 13px\" \/>\n<div class=\"row\">\n<div class=\"col-md-8\">\n<div data-canvas-width=\"95.62079066529881\">O escrit\u00f3rio\u00a0Sanches Tonini Advogados\u00a0foi constitu\u00eddo em 2002 e, desde\u00a0ent\u00e3o, presta servi\u00e7os legais corporativos de qualidade a clientes de todos os setores\u00a0empresariais, oferecendo atendimento personalizado\u00a0e contribuindo decisivamente\u00a0para a estrutura\u00e7\u00e3o e o desenvolvimento de neg\u00f3cios.<\/div>\n<div data-canvas-width=\"95.62079066529881\">\u00a0<hr class=\"gw-spacing clearboth \" style=\"height: 6px\" \/><\/div>\n<div data-canvas-width=\"240.7975935756211\">Nossa equipe \u00e9 constitu\u00edda por profissionais proativos e de esp\u00edrito\u00a0empreendedor, comprometidos com a qualidade, a transpar\u00eancia e o sucesso dos\u00a0clientes, o que se traduz na s\u00f3lida reputa\u00e7\u00e3o que desfrutamos atualmente. Na\u00a0administra\u00e7\u00e3o do escrit\u00f3rio, adotamos os mais modernos conceitos de gest\u00e3o,\u00a0resultando em grande capacidade de atra\u00e7\u00e3o, desenvolvimento e reten\u00e7\u00e3o de talentos.<\/div>\n<div data-canvas-width=\"240.7975935756211\">\u00a0<hr class=\"gw-spacing clearboth \" style=\"height: 6px\" \/><\/div>\n<div data-canvas-width=\"425.81071420902333\">Sempre atualizados com as tend\u00eancias atuais e com experi\u00eancia em\u00a0todas as relevantes \u00e1reas do direito empresarial, conquistamos um espa\u00e7o de\u00a0lideran\u00e7a no mercado jur\u00eddico regional, pois praticamos uma advocacia inovadora e\u00a0din\u00e2mica nos campos contencioso, preventivo e de planejamento estrat\u00e9gico.<\/div>\n<div data-canvas-width=\"398.05552405509155\">\u00a0<hr class=\"gw-spacing clearboth \" style=\"height: 6px\" \/><\/div>\n<div data-canvas-width=\"398.05552405509155\">Nosso foco \u00e9 prevenir lit\u00edgios, ante as novas demandas impostas pela\u00a0legisla\u00e7\u00e3o e pelo mercado, avaliando as oportunidades e riscos de cada tomada de\u00a0decis\u00e3o de nossos clientes, tudo para garantir o \u00eaxito das atividades empresariais.<\/div>\n<div data-canvas-width=\"398.05552405509155\">\u00a0<hr class=\"gw-spacing clearboth \" style=\"height: 6px\" \/><\/div>\n<div data-canvas-width=\"398.05552405509155\">Buscamos privilegiar o aspecto principal na atividade de assessoria\u00a0jur\u00eddica empresarial: o neg\u00f3cio, motivador econ\u00f4mico do cliente. O mercado \u00e9\u00a0din\u00e2mico e temos como meta viabilizar os projetos,\u00a0proporcionando seguran\u00e7a\u00a0jur\u00eddica sem prejudicar a fluidez do processo.<\/div>\n<div data-canvas-width=\"396.14277652139975\"><\/div>\n<\/div>\n<div class=\"col-md-4\">\n<a href=\"http:\/\/www.sanchestonini.com.br\/website\/wp-content\/uploads\/2015\/06\/sanchestonini-010.jpg\"><img loading=\"lazy\" decoding=\"async\" class=\"alignnone size-full wp-image-820\" src=\"http:\/\/www.sanchestonini.com.br\/website\/wp-content\/uploads\/2015\/06\/sanchestonini-010.jpg\" alt=\"sanches tonini\" width=\"357\" height=\"491\" srcset=\"https:\/\/www.sanchestonini.com.br\/website\/wp-content\/uploads\/2015\/06\/sanchestonini-010.jpg 357w, https:\/\/www.sanchestonini.com.br\/website\/wp-content\/uploads\/2015\/06\/sanchestonini-010-218x300.jpg 218w\" sizes=\"(max-width: 357px) 100vw, 357px\" \/><\/a><br \/>\n<\/div>\n<\/div>\n<hr class=\"gw-spacing clearboth \" style=\"height: 45px\" \/>\n<div class=\"gw-divider-double\"><\/div>\n<hr class=\"gw-spacing clearboth \" style=\"height: 52px\" \/>\n<h2>Miss\u00e3o, Vis\u00e3o e Valores<\/h2>\n<hr class=\"gw-spacing clearboth \" style=\"height: 6px\" \/>\n<span class=\"gw-tagline\">Saiba um pouco mais sobre nossa cultura<\/span>\n<hr class=\"gw-spacing clearboth \" style=\"height: 13px\" \/>\n<div class=\"row\">\n<div class=\"col-md-4\">\n<div class=\"service-center\"><div class=\"sc-iconbg\"><img decoding=\"async\" src=\"http:\/\/www.sanchestonini.com.br\/website\/wp-content\/uploads\/2015\/11\/st-img-c.png\" class=\"service-img\" alt=\"ecologic transport\" \/><\/div><div class=\"sc-content\">\n<h4>Miss\u00e3o<\/h4>\n<hr class=\"gw-spacing clearboth \" style=\"height: 23px\" \/>\n<div class=\"gw-divider-double\"><\/div>\n<hr class=\"gw-spacing clearboth \" style=\"height: 25px\" \/>\n<p>Exercer a advocacia com paix\u00e3o, aprimorando talentos e estimulando o\u00a0conhecimento, de forma a colaborar decisivamente para o desenvolvimento e gest\u00e3o\u00a0jur\u00eddica dos neg\u00f3cios de nossos clientes, com o objetivo de proporcionar solu\u00e7\u00f5es\u00a0exclusivas, com efici\u00eancia e seguran\u00e7a.<\/p>\n<\/div><\/div>\n<\/div>\n<div class=\"col-md-4\">\n<div class=\"service-center\"><div class=\"sc-iconbg\"><img decoding=\"async\" src=\"http:\/\/www.sanchestonini.com.br\/website\/wp-content\/uploads\/2015\/11\/st-img-b.png\" class=\"service-img\" alt=\"eco-friendly houses\" \/><\/div><div class=\"sc-content\">\n<h4>Vis\u00e3o<\/h4>\n<hr class=\"gw-spacing clearboth \" style=\"height: 23px\" \/>\n<div class=\"gw-divider-double\"><\/div>\n<hr class=\"gw-spacing clearboth \" style=\"height: 25px\" \/>\n<p>Ser refer\u00eancia no mercado jur\u00eddico empresarial, atrav\u00e9s de solu\u00e7\u00f5es legais criteriosas\u00a0e de excel\u00eancia, dentro dos padr\u00f5es \u00e9ticos, de maneira personalizada, \u00e1gil e\u00a0moderna, buscando a plena satisfa\u00e7\u00e3o de nossos clientes e a realiza\u00e7\u00e3o profissional\u00a0de nossos colaboradores.<\/p>\n<\/div><\/div>\n<\/div>\n<div class=\"col-md-4\">\n<div class=\"service-center\"><div class=\"sc-iconbg\"><img decoding=\"async\" src=\"http:\/\/www.sanchestonini.com.br\/website\/wp-content\/uploads\/2015\/11\/st-img-a.png\" class=\"service-img\" alt=\"ecologic recycling\" \/><\/div><div class=\"sc-content\">\n<h4>Valores<\/h4>\n<hr class=\"gw-spacing clearboth \" style=\"height: 23px\" \/>\n<div class=\"gw-divider-double\"><\/div>\n<hr class=\"gw-spacing clearboth \" style=\"height: 25px\" \/>\n<p>\u2022 Comprometimento<br \/>\n\u2022 Tranpar\u00eancia e \u00c9tica<br \/>\n\u2022 Dinamismo e Proatividade<br \/>\n\u2022 Entusiasmo<br \/>\n\u2022 Criatividade<br \/>\n\u2022 Gera\u00e7\u00e3o de Neg\u00f3cios<\/p>\n<\/div><\/div>\n<\/div>\n<\/div>\n<hr class=\"gw-spacing clearboth \" style=\"height: 7px\" \/>\n<div class=\"gw-divider-double\"><\/div>\n<hr class=\"gw-spacing clearboth \" style=\"height: 52px\" \/>\n<h2>Pr\u00eamios<\/h2>\n<hr class=\"gw-spacing clearboth \" style=\"height: 20px\" \/>\n<div class=\"row\">\n<div class=\"service-center\"><div class=\"sc-content\">\n<div class=\"col-md-4\">\n<li class=\"clist-noicon\">\n<a href=\"http:\/\/www.sanchestonini.com.br\/website\/?p=679\">Pr\u00eamio Destak Melhores do Ano &#8211; 2015<\/a><br \/>\n<\/li>\n<\/div>\n<div class=\"col-md-4\">\n<li class=\"clist-noicon\">\n<a href=\"http:\/\/www.sanchestonini.com.br\/website\/?p=655\">Pr\u00eamio &#8220;The Best&#8221;\u00a0&#8211; 2014\/2015<\/a><br \/>\n<\/li>\n<\/div>\n<div class=\"col-md-4\">\n<li class=\"clist-noicon\">\n<a href=\"http:\/\/www.sanchestonini.com.br\/website\/?p=716\">Pr\u00eamio An\u00e1lise Advocacia \u2013 2008<\/a><br \/>\n<\/li>\n<\/div>\n<\/div><\/div>\n<\/div>\n<hr class=\"gw-spacing clearboth \" style=\"height: 52px\" \/>\n","protected":false},"excerpt":{"rendered":"<p>Miss\u00e3o, Vis\u00e3o e Valores Pr\u00eamios<\/p>\n","protected":false},"author":1,"featured_media":0,"parent":0,"menu_order":6,"comment_status":"closed","ping_status":"closed","template":"template-fullwidth.php","meta":{"footnotes":"","_joinchat":[]},"_links":{"self":[{"href":"https:\/\/www.sanchestonini.com.br\/website\/wp-json\/wp\/v2\/pages\/5"}],"collection":[{"href":"https:\/\/www.sanchestonini.com.br\/website\/wp-json\/wp\/v2\/pages"}],"about":[{"href":"https:\/\/www.sanchestonini.com.br\/website\/wp-json\/wp\/v2\/types\/page"}],"author":[{"embeddable":true,"href":"https:\/\/www.sanchestonini.com.br\/website\/wp-json\/wp\/v2\/users\/1"}],"replies":[{"embeddable":true,"href":"https:\/\/www.sanchestonini.com.br\/website\/wp-json\/wp\/v2\/comments?post=5"}],"version-history":[{"count":75,"href":"https:\/\/www.sanchestonini.com.br\/website\/wp-json\/wp\/v2\/pages\/5\/revisions"}],"predecessor-version":[{"id":1221,"href":"https:\/\/www.sanchestonini.com.br\/website\/wp-json\/wp\/v2\/pages\/5\/revisions\/1221"}],"wp:attachment":[{"href":"https:\/\/www.sanchestonini.com.br\/website\/wp-json\/wp\/v2\/media?parent=5"}],"curies":[{"name":"wp","href":"https:\/\/api.w.org\/{rel}","templated":true}]}}