{"id":696,"date":"2015-10-26T21:16:22","date_gmt":"2015-10-26T21:16:22","guid":{"rendered":"http:\/\/www.sanchestonini.com.br\/website\/?page_id=696"},"modified":"2020-05-30T21:20:00","modified_gmt":"2020-05-30T21:20:00","slug":"equipe","status":"publish","type":"page","link":"https:\/\/www.sanchestonini.com.br\/website\/equipe\/","title":{"rendered":"Equipe"},"content":{"rendered":"<div id=\"pl-696\" class=\"panel-layout\">\n<div id=\"pg-696-0\" class=\"panel-grid panel-no-style\">\n<div id=\"pgc-696-0-0\" class=\"panel-grid-cell\" data-weight=\"1\">\n<div id=\"panel-696-0-0-0\" class=\"so-panel widget widget_sow-editor panel-first-child\" data-index=\"0\" data-style=\"{&quot;background_image_attachment&quot;:false,&quot;background_display&quot;:&quot;tile&quot;}\"><\/div>\n<div id=\"panel-696-0-0-1\" class=\"so-panel widget widget_sow-editor panel-last-child\" data-index=\"1\" data-style=\"{&quot;background_image_attachment&quot;:false,&quot;background_display&quot;:&quot;tile&quot;}\">\n<div class=\"so-widget-sow-editor so-widget-sow-editor-base\">\n<div class=\"siteorigin-widget-tinymce textwidget\"><hr class=\"gw-spacing clearboth \" style=\"height: 12px\" \/>\n<span class=\"gw-tagline\">Conhe\u00e7a um pouco mais sobre n\u00f3s<\/span>\n<hr class=\"gw-spacing clearboth \" style=\"height: 12px\" \/><\/div>\n<div class=\"siteorigin-widget-tinymce textwidget\"><\/div>\n<div class=\"siteorigin-widget-tinymce textwidget\">\n<p>A equipe multidisciplinar do nosso escrit\u00f3rio, com forma\u00e7\u00e3o orientada a neg\u00f3cios, somada a um atendimento personalizado e confi\u00e1vel, assegura aos clientes a certeza da presta\u00e7\u00e3o de solu\u00e7\u00f5es jur\u00eddicas de excel\u00eancia t\u00e9cnica.<hr class=\"gw-spacing clearboth \" style=\"height: 50px\" \/>\n<div class=\"col-md-6\">\n<section class=\"teamblock\"><div class=\"tb-imgwrapper\"><a href=\"#\"><img decoding=\"async\" src=\"http:\/\/www.sanchestonini.com.br\/website\/wp-content\/uploads\/2015\/11\/carlosrenato.jpg\" alt=\"Carlos Renato Rodrigues Sanches\" class=\"tb-img\" \/><\/a><\/div><div class=\"tb-contentwrapper\"><h4><a href=\"#\">Carlos Renato Rodrigues Sanches<\/a><\/h4><div class=\"teb-position\">S\u00f3cio<\/div><div class=\"gw-divider-double\"><\/div>\n<p>\u00c1reas de Atua\u00e7\u00e3o: Direito Empresarial, Direito do Trabalho, Direito Banc\u00e1rio, Direito Tribut\u00e1rio, Direito Penal Empresarial, Direito das Telecomunica\u00e7\u00f5es e M\u00eddia, Direito Administrativo.<\/p>\n<p>renato@sanchestonini.com.br<\/p>\n<div class=\"clearboth\"><\/div><\/div><\/section>\n<\/div>\n<div class=\"col-md-6\">\n<section class=\"teamblock\"><div class=\"tb-imgwrapper\"><a href=\"#\"><img decoding=\"async\" src=\"http:\/\/www.sanchestonini.com.br\/website\/wp-content\/uploads\/2015\/11\/sandramedeiros.jpg\" alt=\"Sandra Medeiros Tonini Sanches\" class=\"tb-img\" \/><\/a><\/div><div class=\"tb-contentwrapper\"><h4><a href=\"#\">Sandra Medeiros Tonini Sanches<\/a><\/h4><div class=\"teb-position\">S\u00f3cia<\/div><div class=\"gw-divider-double\"><\/div>\n<p>\u00c1reas de Atua\u00e7\u00e3o: Direito Imobili\u00e1rio, Societ\u00e1rio, Direito Empresarial, Contratos, Contencioso Civil, Direito das Sucess\u00f5es, Direito Ambiental, Recupera\u00e7\u00e3o de Cr\u00e9dito, Direito das Rela\u00e7\u00f5es de Consumo<\/p>\n<p>sandra@sanchestonini.com.br<\/p>\n<div class=\"clearboth\"><\/div><\/div><\/section>\n<\/div>\n<hr class=\"gw-spacing clearboth \" style=\"height: 50px\" \/>\n<p>&nbsp;<\/p>\n<div class=\"owl-standard\">\n<section class=\"teamblock\"><div class=\"tb-imgwrapper\"><a href=\"#\"><img decoding=\"async\" src=\"http:\/\/www.sanchestonini.com.br\/website\/wp-content\/uploads\/2020\/05\/Cassio5.jpg\" alt=\"C\u00e1ssio Henrique Ranalli\" class=\"tb-img\" \/><\/a><\/div><div class=\"tb-contentwrapper\"><h4><a href=\"#\">C\u00e1ssio Henrique Ranalli<\/a><\/h4><div class=\"teb-position\">Associado<\/div><div class=\"gw-divider-double\"><\/div>\n<p>\u00c1reas de Atua\u00e7\u00e3o: Direito do Trabalho, C\u00edvel, Direito P\u00fablico\/Administrativo, Direito de Fam\u00edlia e Recupera\u00e7\u00e3o de Cr\u00e9dito<\/p>\n<p>cassio@sanchestonini.com.br<\/p>\n<div class=\"clearboth\"><\/div><\/div><\/section>\n<section class=\"teamblock\"><div class=\"tb-imgwrapper\"><a href=\"#\"><img decoding=\"async\" src=\"http:\/\/www.sanchestonini.com.br\/website\/wp-content\/uploads\/2020\/05\/Ana6.jpg\" alt=\"Ana Carolina Castilho\" class=\"tb-img\" \/><\/a><\/div><div class=\"tb-contentwrapper\"><h4><a href=\"#\">Ana Carolina Castilho<\/a><\/h4><div class=\"teb-position\">Advogada<\/div><div class=\"gw-divider-double\"><\/div>\n<p>\u00c1reas de Atua\u00e7\u00e3o:Direito Penal Empresarial, A\u00e7\u00f5es Civis P\u00fablicas, A\u00e7\u00f5es de Improbidade Administrativa<\/p>\n<p>anacarolina@sanchestonini.com.br<\/p>\n<div class=\"clearboth\"><\/div><\/div><\/section>\n<section class=\"teamblock\"><div class=\"tb-imgwrapper\"><a href=\"#\"><img decoding=\"async\" src=\"http:\/\/www.sanchestonini.com.br\/website\/wp-content\/uploads\/2020\/05\/Angelica6.jpg\" alt=\"Ang\u00e9lica dos Reis Carvalho\" class=\"tb-img\" \/><\/a><\/div><div class=\"tb-contentwrapper\"><h4><a href=\"#\">Ang\u00e9lica dos Reis Carvalho<\/a><\/h4><div class=\"teb-position\">Advogada<\/div><div class=\"gw-divider-double\"><\/div>\n<p>\u00c1reas de Atua\u00e7\u00e3o: C\u00edvel, Contratos, Direito de Fam\u00edlia, Recupera\u00e7\u00e3o de Cr\u00e9ditos<\/p>\n<p>angelica@sanchestonini.com.br<\/p>\n<div class=\"clearboth\"><\/div><\/div><\/section>\n<section class=\"teamblock\"><div class=\"tb-imgwrapper\"><a href=\"#\"><img decoding=\"async\" src=\"http:\/\/www.sanchestonini.com.br\/website\/wp-content\/uploads\/2020\/05\/grey6.jpg\" alt=\"Cristhiane Motta Dias de Almeida\" class=\"tb-img\" \/><\/a><\/div><div class=\"tb-contentwrapper\"><h4><a href=\"#\">Cristhiane Motta Dias de Almeida<\/a><\/h4><div class=\"teb-position\">Advogada<\/div><div class=\"gw-divider-double\"><\/div>\n<p>\u00c1reas de Atua\u00e7\u00e3o: C\u00edvel, Direito de Fam\u00edlia, Previdenci\u00e1rio<\/p>\n<p>cristhiane@sanchestonini.com.br<\/p>\n<div class=\"clearboth\"><\/div><\/div><\/section>\n<\/div>\n<hr class=\"gw-spacing clearboth \" style=\"height: 85px\" \/>\n<\/div>\n<\/div>\n<\/div>\n<\/div>\n<\/div>\n<\/div>\n","protected":false},"excerpt":{"rendered":"<p>A equipe multidisciplinar do nosso escrit\u00f3rio, com forma\u00e7\u00e3o orientada a neg\u00f3cios, somada a um atendimento personalizado e confi\u00e1vel, assegura aos clientes a certeza da presta\u00e7\u00e3o de solu\u00e7\u00f5es jur\u00eddicas de excel\u00eancia t\u00e9cnica. &nbsp;<\/p>\n","protected":false},"author":1,"featured_media":0,"parent":0,"menu_order":3,"comment_status":"closed","ping_status":"closed","template":"template-fullwidth.php","meta":{"footnotes":"","_joinchat":[]},"_links":{"self":[{"href":"https:\/\/www.sanchestonini.com.br\/website\/wp-json\/wp\/v2\/pages\/696"}],"collection":[{"href":"https:\/\/www.sanchestonini.com.br\/website\/wp-json\/wp\/v2\/pages"}],"about":[{"href":"https:\/\/www.sanchestonini.com.br\/website\/wp-json\/wp\/v2\/types\/page"}],"author":[{"embeddable":true,"href":"https:\/\/www.sanchestonini.com.br\/website\/wp-json\/wp\/v2\/users\/1"}],"replies":[{"embeddable":true,"href":"https:\/\/www.sanchestonini.com.br\/website\/wp-json\/wp\/v2\/comments?post=696"}],"version-history":[{"count":101,"href":"https:\/\/www.sanchestonini.com.br\/website\/wp-json\/wp\/v2\/pages\/696\/revisions"}],"predecessor-version":[{"id":1382,"href":"https:\/\/www.sanchestonini.com.br\/website\/wp-json\/wp\/v2\/pages\/696\/revisions\/1382"}],"wp:attachment":[{"href":"https:\/\/www.sanchestonini.com.br\/website\/wp-json\/wp\/v2\/media?parent=696"}],"curies":[{"name":"wp","href":"https:\/\/api.w.org\/{rel}","templated":true}]}}